{"id":465,"date":"2024-09-27T09:44:08","date_gmt":"2024-09-27T07:44:08","guid":{"rendered":"https:\/\/puntaportalsdance.com\/?page_id=465"},"modified":"2024-09-27T09:44:09","modified_gmt":"2024-09-27T07:44:09","slug":"politica-de-privacidad","status":"publish","type":"page","link":"https:\/\/puntaportalsdance.com\/es\/politica-de-privacidad\/","title":{"rendered":"Pol\u00edtica de Privacidad"},"content":{"rendered":"\n<p><strong>Identificaci\u00f3n de la raz\u00f3n social del responsable del fichero<\/strong><strong><\/strong><\/p>\n\n\n\n<p>A los efectos de lo dispuesto en el art. 13 y el art. 14 del RGPD se le facilita la siguiente informaci\u00f3n:&nbsp;<br><br>Responsable: PUNTA PORTALS DANCE ACADEMY, CB<br>NIF\/CIF: E57962839<br>Domicilio: C\/ MIGUEL DE CERVANTES, 23<br>Direcci\u00f3n de correo electr\u00f3nico: puntaportalsdance@hotmail.com<br>Tel\u00e9fono: +34 871235482<\/p>\n\n\n\n<p>DELEGADO DE PROTECCI\u00d3N DE DATOS&nbsp;<br>GLOBAL CONSULTORS &amp; CONTROLLERS SL.<br>Contacto: https:\/\/www.globalconsultors.es<br>Email: info@globalconsultors.es<br><br>Finalidad: En PUNTA PORTALS DANCE ACADEMY, CB. tratamos la informaci\u00f3n que nos facilita con el fin de prestarles los servicios contratados y enviarle ofertas personalizadas sobres los productos y\/o servicios de la empresa, y gestionar el env\u00edo de informaci\u00f3n y prospecci\u00f3n comercial. Adem\u00e1s, tratamos la informaci\u00f3n de nuestros clientes que han contratados nuestros productos y servicios con el fin de enviarle ofertas personalizadas sobres los productos y\/o servicios de la empresa. Con el fin de poder ofrecerle nuestros productos y servicios de acuerdo con sus intereses, elaboraremos un perfil comercial en base a la informaci\u00f3n facilitada. No se tomar\u00e1n decisiones automatizadas en base a dicho perfil. Los datos personales proporcionados se conservar\u00e1n, mientras se mantenga su consentimiento expreso y no se solicite su supresi\u00f3n por el interesado, durante un plazo de 5 a\u00f1os a partir de la \u00faltima contrataci\u00f3n y\/o compra efectuada por usted.&nbsp;<br><br>Legitimaci\u00f3n: La base legal para el tratamiento de sus datos es la ejecuci\u00f3n del contrato mediante de la contrataci\u00f3n del producto y\/o servicio de conformidad Ley de Servicios de Sociedad de la Informaci\u00f3n 34\/2002, art\u00edculos 20 y 21. La oferta prospectiva de productos y servicios est\u00e1 basada en el consentimiento que se le solicita sin que, en ning\u00fan caso, la retirada de este consentimiento condicione el contrato de adquisici\u00f3n de producto y\/o prestaci\u00f3n de servicio. Existe obligaci\u00f3n de facilitar el consentimiento para gestionar el env\u00edo de informaci\u00f3n y prospecci\u00f3n comercial.&nbsp;<br>&nbsp;&nbsp;&nbsp;&nbsp;&nbsp;&nbsp;&nbsp;&nbsp;&nbsp;&nbsp;&nbsp;<br>Destinatarios: No se ceder\u00e1n datos a terceros, salvo obligaci\u00f3n legal. No hay previsi\u00f3n de transferencia de datos a terceros pa\u00edses. No se toman decisiones de adecuaci\u00f3n, garant\u00edas, normas corporativas vinculantes o situaciones espec\u00edficas aplicables.&nbsp;<br><br>Derechos: Cualquier persona tiene derecho a obtener confirmaci\u00f3n sobre si en PUNTA PORTALS DANCE ACADEMY, CB. estamos tratando datos personales que les conciernen o no. Las personas interesadas tienen derecho a acceder a sus datos personales, as\u00ed como a solicitar la rectificaci\u00f3n de los datos inexactos, o en su caso, solicitar la supresi\u00f3n cuando, entre otros motivos, los datos ya no sean necesarios para los fines que fueron recogidos. En determinadas circunstancias, los interesados podr\u00e1n solicitar la limitaci\u00f3n del tratamiento de sus datos, en cuyo caso \u00fanicamente lo conservaremos para el ejercicio o la defensa de reclamaciones. Usted tiene derecho a presentar una Reclamaci\u00f3n ante la Autoridad de Control (Agencia Espa\u00f1ola de Protecci\u00f3n Datos: WWW.AGPD.ES; procedencia: EL PROPIO INTERESADO).&nbsp;<br><br>1.2. El cliente acepta expresamente la inclusi\u00f3n de los datos de car\u00e1cter personal recabados durante la navegaci\u00f3n por la p\u00e1gina o proporcionados mediante la cumplimentaci\u00f3n de cualquier formulario, as\u00ed como los derivados de una posible relaci\u00f3n comercial en los ficheros automatizados de datos de car\u00e1cter personal referidos en el apartado primero. Durante el proceso de recogida de datos y en cada lugar de la Web en el que se soliciten datos de car\u00e1cter personal, el cliente ser\u00e1 informado, ya sea mediante un hiperv\u00ednculo, ya sea mediante la inclusi\u00f3n de las menciones oportunas en el propio formulario, del car\u00e1cter obligatorio o no de recogida de tales datos de car\u00e1cter personal. A todo cliente que decide registrarse en la p\u00e1gina web de nuestra empresa le solicitamos los datos de car\u00e1cter personal necesarios para los fines del servicio solicitado, que no es otro que es la prestaci\u00f3n de los servicios y\/o venta de productos ofertados en la Web.&nbsp;<br><br>1.3. El cliente\/usuario podr\u00e1 ejercitar, respecto de los datos recabados en la forma prevista en el apartado anterior, los derechos reconocidos en los art\u00edculos 15 a 21 del Reglamento (UE) 2016\/679, y en particular los derechos de acceso, rectificaci\u00f3n, supresi\u00f3n, limitaci\u00f3n al tratamiento, portabilidad de los datos, oposici\u00f3n y decisiones individuales automatizadas, siempre que resultase pertinente. Los derechos referidos en el p\u00e1rrafo precedente podr\u00e1n ejercitarse por cada cliente a trav\u00e9s de un formulario de ejercicios de derechos que nos solicitar\u00e1 por correo electr\u00f3nico. La solicitud escrita y firmada podr\u00e1 enviarla por correo postal a la siguiente direcci\u00f3n: PUNTA PORTALS DANCE ACADEMY, CB con domicilio en C\/ MIGUEL DE CERVANTES, 23, adjuntando en ambos casos fotocopia del DNI del cliente.&nbsp;<br><br>1.4. El tratamiento automatizado a que ser\u00e1n sometidos todos los datos de car\u00e1cter personal recogidos como consecuencia de la solicitud, utilizaci\u00f3n, contrataci\u00f3n de cualquier producto o servicio o de cualquier transacci\u00f3n u operaci\u00f3n realizada a trav\u00e9s de esta p\u00e1gina web tiene como finalidad principal el mantenimiento de la relaci\u00f3n contractual con el propietario de esta p\u00e1gina web.&nbsp;<br><br>1.5. Usted autoriza el env\u00edo de publicidad de nuestros servicios y productos. Sus datos de car\u00e1cter personal ser\u00e1n utilizados para gestionar el env\u00edo de publicidad a trav\u00e9s de medios tradicionales o electr\u00f3nicos. Las direcciones de correo electr\u00f3nico y los datos de car\u00e1cter personal que usted nos proporcione a trav\u00e9s del formulario de contacto de la p\u00e1gina web ser\u00e1n utilizados exclusivamente para atender las consultas que nos plantee por este medio. Resulta de aplicaci\u00f3n lo dispuesto en los art 22.1 y 22.2 de la ley 34\/2002, de 11 de julio, de servicios de la sociedad de la informaci\u00f3n y de comercio electr\u00f3nico que se modifica en virtud del art. 4 del Real Decreto-Ley 13\/2012, respecto al uso y tratamiento de sus datos de car\u00e1cter personal con el fin de gestionar el env\u00edo de publicidad.&nbsp;<br><br>1.6. La entidad garantiza la confidencialidad de los datos de car\u00e1cter personal. No obstante, la Empresa y\/o Entidad revelar\u00e1 a las autoridades p\u00fablicas competentes los datos personales y cualquier otra informaci\u00f3n que est\u00e9 en su poder o sea accesible a trav\u00e9s de sus sistemas y sea requerida de conformidad con las disposiciones legales y reglamentarias aplicables al caso. Los datos de car\u00e1cter personal podr\u00e1n ser conservados en los ficheros titularidad de PUNTA PORTALS DANCE ACADEMY, CB incluso una vez finalizadas las relaciones formalizadas a trav\u00e9s de la p\u00e1gina web de la empresa, exclusivamente a los fines indicados anteriormente y, en todo caso, durante los plazos legalmente establecidos, a disposici\u00f3n de autoridades administrativas o judiciales.&nbsp;<\/p>\n\n\n\n<p>PROCEDENCIA DE LOS DATOS&nbsp;<br>El propio interesado.&nbsp;<\/p>\n\n\n\n<p><strong>EP\u00cdGRAFE&nbsp;<br>INFORMACI\u00d3N ART. 13 Y 14 RGPD FACTURAS\/CONTABILIDAD<\/strong><strong>&nbsp;<\/strong><strong><br><\/strong>RESPONSABLE DEL TRATAMIENTO&nbsp;<br>Responsable: PUNTA PORTALS DANCE ACADEMY, CB<br>NIF\/CIF: E57962839<br>Domicilio: C\/ MIGUEL DE CERVANTES, 23<br>Direcci\u00f3n de correo electr\u00f3nico: puntaportalsdance@hotmail.com<br>Tel\u00e9fono: +34 871235482<\/p>\n\n\n\n<p>DELEGADO DE PROTECCI\u00d3N DE DATOS&nbsp;<br>GLOBAL CONSULTORS &amp; CONTROLLERS SL.<br>Contacto: https:\/\/www.globalconsultors.es<br>Email: info@globalconsultors.es<\/p>\n\n\n\n<p>FINALIDAD DEL TRATAMIENTO&nbsp;<br>En PUNTA PORTALS DANCE ACADEMY, CB tratamos la informaci\u00f3n que nos facilita con el fin de elaborar y confeccionar las facturas de los productos y\/o servicios contratados y con el fin del cumplimiento de obligaciones contables y fiscales.&nbsp;<br>Los datos personales proporcionados se conservar\u00e1n, mientras se mantenga la relaci\u00f3n comercial y no se solicite su supresi\u00f3n por el interesado, durante un plazo de 5 a\u00f1os a partir de la \u00faltima contrataci\u00f3n y\/o compra efectuada por usted.&nbsp;<br>No se elabora ning\u00fan perfil comercial a partir de esta informaci\u00f3n.&nbsp;<\/p>\n\n\n\n<p>LEGITIMACI\u00d3N DEL TRATAMIENTO&nbsp;<br>La base legal para el tratamiento de sus datos es obligaci\u00f3n de la emisi\u00f3n de facturas de conformidad con el C\u00f3digo de Comercio, Ley General Tributaria, Ley de Impuesto de Sociedades y Ley de Impuesto de Renta de Personas F\u00edsicas.&nbsp;<br>Existe la obligaci\u00f3n de facilitar los datos de car\u00e1cter personal y en caso contrario no se puede prestar el servicio y\/o vender el producto.&nbsp;<br>DESTINATARIOS (CESIONES O TRANSFERENCIAS)&nbsp;<br>No se ceder\u00e1n datos a terceros, salvo obligaci\u00f3n legal.&nbsp;<br>No hay previsi\u00f3n de transferencia de datos a terceros pa\u00edses. No se toman decisiones de adecuaci\u00f3n, garant\u00edas, normas corporativas vinculantes o situaciones espec\u00edficas aplicables.&nbsp;<\/p>\n\n\n\n<p>DERECHOS DE LOS INTERESADOS O AFECTADOS&nbsp;<br>Cualquier persona tiene derecho a obtener confirmaci\u00f3n sobre si en PUNTA PORTALS DANCE ACADEMY, CB estamos tratando datos personales que les conciernen. Las personas interesadas tienen derecho a acceder a sus datos personales, as\u00ed como a solicitar la rectificaci\u00f3n de los datos inexactos, o en su caso, solicitar la supresi\u00f3n cuando, entre otros motivos, los datos ya no sean necesarios para los fines que fueron recogidos. En determinadas circunstancias, los interesados podr\u00e1n solicitar la limitaci\u00f3n del tratamiento de sus datos, en cuyo caso \u00fanicamente lo conservaremos para el ejercicio o la defensa de reclamaciones.&nbsp;<br>Usted tiene derecho a presentar una Reclamaci\u00f3n ante la Autoridad de Control: Agencia Espa\u00f1ola de Protecci\u00f3n Datos (www.agpd.es).&nbsp;<br>PROCEDENCIA DE LOS DATOS&nbsp;<br>El propio interesado.&nbsp;<\/p>\n\n\n\n<p><strong>EP\u00cdGRAFE&nbsp;<br>INFORMACI\u00d3N ART. 13 Y 14 RGPD NEWSLETTER<\/strong><strong>&nbsp;<\/strong><strong><br><\/strong>RESPONSABLE DEL TRATAMIENTO&nbsp;<br>Responsable: PUNTA PORTALS DANCE ACADEMY, CB<br>NIF\/CIF: E57962839<br>Domicilio: C\/ MIGUEL DE CERVANTES, 23<br>Direcci\u00f3n de correo electr\u00f3nico: puntaportalsdance@hotmail.com<br>Tel\u00e9fono: +34 871235482<\/p>\n\n\n\n<p>DELEGADO DE PROTECCI\u00d3N DE DATOS&nbsp;<br>GLOBAL CONSULTORS &amp; CONTROLLERS SL.<br>Contacto: https:\/\/www.globalconsultors.es<br>Email: info@globalconsultors.es<br><br>FINALIDAD DEL TRATAMIENTO&nbsp;<br>En PUNTA PORTALS DANCE ACADEMY, CB tratamos la informaci\u00f3n que nos facilita con el fin de enviarle ofertas personalizadas sobre los productos y\/o servicios de la empresa, gestionar el env\u00edo de informaci\u00f3n y prospecci\u00f3n comercial. Adem\u00e1s, tratamos la informaci\u00f3n de nuestros clientes que han contratados nuestros productos y servicios con el fin de enviarle ofertas personalizadas sobres los productos y\/o servicios de la empresa.&nbsp;<br>Los datos personales proporcionados se conservar\u00e1n, mientras se mantenga la relaci\u00f3n mercantil y no se solicite su supresi\u00f3n por el interesado, durante un plazo de 5 a\u00f1os a partir de la \u00faltima contrataci\u00f3n y\/o compra efectuada por usted. Los datos proporcionados se conservar\u00e1n mientras no solicite el cese de la actividad.&nbsp;<br>No se tomar\u00e1n decisiones automatizadas en base a dicho perfil.&nbsp;<\/p>\n\n\n\n<p>LEGITIMACI\u00d3N DEL TRATAMIENTO&nbsp;<br>La base legal para el tratamiento de sus datos es la ejecuci\u00f3n del contrato mediante de la contrataci\u00f3n del producto y\/o servicio de conformidad Ley de Servicios de Sociedad de la Informaci\u00f3n 34\/2002, art\u00edculos 20 y 21. La oferta prospectiva de productos y servicios est\u00e1 basada en el consentimiento que se le solicita sin que en ning\u00fan caso la retirada de este consentimiento condicione el contrato de adquisici\u00f3n de producto y\/o prestaci\u00f3n de servicio.&nbsp;<br>Existe obligaci\u00f3n de facilitar los datos de car\u00e1cter personal y el consentimiento para gestionar el env\u00edo de informaci\u00f3n publicitaria y prospecci\u00f3n comercial.&nbsp;<\/p>\n\n\n\n<p>DESTINATARIOS (CESIONES O TRANSFERENCIAS)&nbsp;<br>No se ceder\u00e1n datos a terceros, salvo obligaci\u00f3n legal.&nbsp;<br>No hay previsi\u00f3n de transferencia de datos a terceros pa\u00edses. No se toman decisiones de adecuaci\u00f3n, garant\u00edas, normas corporativas vinculantes o situaciones espec\u00edficas aplicables.&nbsp;<br><br>DERECHOS DE LOS INTERESADOS O AFECTADOS&nbsp;<br>Cualquier persona tiene derecho a obtener confirmaci\u00f3n sobre si en PUNTA PORTALS DANCE ACADEMY, CB estamos tratando datos personales que les conciernen. Las personas interesadas tienen derecho a acceder a sus datos personales, as\u00ed como a solicitar la rectificaci\u00f3n de los datos inexactos, o en su caso, solicitar la supresi\u00f3n cuando, entre otros motivos, los datos ya no sean necesarios para los fines que fueron recogidos. En determinadas circunstancias, los interesados podr\u00e1n solicitar la limitaci\u00f3n del tratamiento de sus datos, en cuyo caso \u00fanicamente lo conservaremos para el ejercicio o la defensa de reclamaciones.&nbsp;<br>Usted tiene derecho a presentar una Reclamaci\u00f3n ante la Autoridad de Control: Agencia Espa\u00f1ola de Protecci\u00f3n Datos (www.agpd.es).&nbsp;<br>PROCEDENCIA DE LOS DATOS&nbsp;<br>El propio interesado&nbsp;<\/p>\n\n\n\n<p><strong>EP\u00cdGRAFE&nbsp;<br>INFORMACI\u00d3N ART. 13 Y 14 RGPD USUARIOS WEB<\/strong><strong>&nbsp;<\/strong><strong><br><\/strong>RESPONSABLE DEL TRATAMIENTO&nbsp;<br>Responsable: PUNTA PORTALS DANCE ACADEMY, CB<br>NIF\/CIF: E57962839<br>Domicilio: C\/ MIGUEL DE CERVANTES, 23<br>Direcci\u00f3n de correo electr\u00f3nico: puntaportalsdance@hotmail.com<br>Tel\u00e9fono: +34 871235482<br><br><\/p>\n\n\n\n<p>DELEGADO DE PROTECCI\u00d3N DE DATOS&nbsp;<br>GLOBAL CONSULTORS &amp; CONTROLLERS SL.<br>Contacto: https:\/\/www.globalconsultors.es<br>Email: info@globalconsultors.es<\/p>\n\n\n\n<p>FINALIDAD DEL TRATAMIENTO<br>En PUNTA PORTALS DANCE ACADEMY, CB tratamos la informaci\u00f3n que nos facilita con el fin de prestar los servicios y\/o vender los productos contratados por usted a trav\u00e9s de nuestra web y gestionar el env\u00edo de informaci\u00f3n y prospecci\u00f3n comercial. Con el fin de poder ofrecerle servicios de acuerdo con sus intereses, elaboraremos un perfil comercial, en base a la informaci\u00f3n facilitada.&nbsp;<br>Los datos personales proporcionados se conservar\u00e1n, mientras se mantenga la relaci\u00f3n comercial y no se solicite su supresi\u00f3n por el interesado, durante un plazo de 5 a\u00f1os a partir de la \u00faltima contrataci\u00f3n y\/o compra efectuada por usted. Los datos proporcionados se conservar\u00e1n mientras no solicite el cese de la actividad.&nbsp;<br>No se tomar\u00e1n decisiones automatizadas en base a dicho perfil.&nbsp;<\/p>\n\n\n\n<p>LEGITIMACI\u00d3N DEL TRATAMIENTO&nbsp;<br>Resulta de aplicaci\u00f3n la Ley de Servicios de Sociedad de la Informaci\u00f3n 34\/2002 art\u00edculos 20 y 21 para el env\u00edo de ofertas comerciales mediante telecomunicaciones. La oferta prospectiva de productos y servicios est\u00e1 basada en el consentimiento que se le solicita sin que en ning\u00fan caso la retirada de este consentimiento condicione el contrato de adquisici\u00f3n de producto y\/o prestaci\u00f3n de servicio.&nbsp;<br>Existe la obligaci\u00f3n de facilitar los datos de car\u00e1cter personal o, en caso contrario, no se puede prestar el servicio y\/o vender el producto y\/o facilitar la oferta solicitada y gestionar el env\u00edo de informaci\u00f3n comercial.&nbsp;<br><br>DESTINATARIOS (CESIONES O TRANSFERENCIAS)&nbsp;<br>No se ceder\u00e1n datos a terceros, salvo obligaci\u00f3n legal.&nbsp;<br>No hay previsi\u00f3n de transferencia de datos a terceros pa\u00edses. No se toman decisiones de adecuaci\u00f3n, garant\u00edas, normas corporativas vinculantes o situaciones espec\u00edficas aplicables.&nbsp;<br>DERECHOS DE LOS INTERESADOS O AFECTADOS&nbsp;<br>Usted tiene derecho a presentar una Reclamaci\u00f3n ante la Autoridad de Control: Agencia Espa\u00f1ola de Protecci\u00f3n de Datos (www.agpd.es).&nbsp;<br>PROCEDENCIA DE LOS DATOS&nbsp;<br>El propio interesado.&nbsp;<\/p>\n\n\n\n<p><strong>EP\u00cdGRAFE<br>INFORMACI\u00d3N ART. 13 Y 14 RGPD PROVEEDORES<\/strong><strong><br><\/strong>RESPONSABLE DEL TRATAMIENTO<br>Responsable: PUNTA PORTALS DANCE ACADEMY, CB<br>NIF\/CIF: E57962839<br>Domicilio: C\/ MIGUEL DE CERVANTES, 23<br>Direcci\u00f3n de correo electr\u00f3nico: puntaportalsdance@hotmail.com<br>Tel\u00e9fono: +34 871235482<\/p>\n\n\n\n<p>DELEGADO DE PROTECCI\u00d3N DE DATOS&nbsp;<br>GLOBAL CONSULTORS &amp; CONTROLLERS SL.<br>Contacto: https:\/\/www.globalconsultors.es<br>Email: info@globalconsultors.es<\/p>\n\n\n\n<p>FINALIDAD DEL TRATAMIENTO<br>En PUNTA PORTALS DANCE ACADEMY, CB tratamos la informaci\u00f3n que nos facilita con el fin de realizar pedido y facturar los servicios.<br>Los datos personales proporcionados se conservar\u00e1n, mientras se mantenga la relaci\u00f3n comercial y no se solicite su supresi\u00f3n por el interesado, durante un plazo de 5 a\u00f1os a partir de la \u00faltima contrataci\u00f3n efectuada.<br>No se elabora ning\u00fan perfil comercial a partir de esta informaci\u00f3n.&nbsp;<\/p>\n\n\n\n<p>LEGITIMACI\u00d3N DEL TRATAMIENTO<br>La base legal para el tratamiento de sus datos es obligaci\u00f3n de la emisi\u00f3n de facturas de conformidad con el C\u00f3digo de Comercio, Ley General Tributaria, Ley de Impuesto de Sociedades y Ley de Impuesto de Renta de Personas F\u00edsicas.<br>Existe la obligaci\u00f3n de facilitar los datos de car\u00e1cter personal y en caso contrario no se puede contratar el servicio o producto.<\/p>\n\n\n\n<p>DESTINATARIOS (CESIONES O TRANSFERENCIAS)<br>No se ceder\u00e1n datos a terceros, salvo obligaci\u00f3n legal.<br>No hay previsi\u00f3n de transferencia de datos a terceros pa\u00edses. No se toman decisiones de adecuaci\u00f3n, garant\u00edas, normas corporativas vinculantes o situaciones espec\u00edficas aplicables.&nbsp;<\/p>\n\n\n\n<p>DERECHOS DE LOS INTERESADOS O AFECTADOS<br>Cualquier persona tiene derecho a obtener confirmaci\u00f3n sobre si en PUNTA PORTALS DANCE ACADEMY, CB estamos tratando datos personales que les conciernen. Las personas interesadas tienen derecho a acceder a sus datos personales, as\u00ed como a solicitar la rectificaci\u00f3n de los datos inexactos, o en su caso, solicitar la supresi\u00f3n cuando, entre otros motivos, los datos ya no sean necesarios para los fines que fueron recogidos. En determinadas circunstancias, los interesados podr\u00e1n solicitar la limitaci\u00f3n del tratamiento de sus datos, en cuyo caso \u00fanicamente lo conservaremos para el ejercicio o la defensa de reclamaciones.<br>Usted tiene derecho a presentar una Reclamaci\u00f3n ante la Autoridad de Control: Agencia Espa\u00f1ola de Protecci\u00f3n Datos (<a href=\"http:\/\/www.agpd.es\">www.agpd.es<\/a>).<\/p>\n\n\n\n<p>PROCEDENCIA DE LOS DATOS<br>El propio interesado.<\/p>\n","protected":false},"excerpt":{"rendered":"<p>Identificaci\u00f3n de la raz\u00f3n social del responsable del fichero A los efectos de lo dispuesto en el art. 13 y el art. 14 del RGPD se<span class=\"excerpt-hellip\"> [\u2026]<\/span><\/p>\n","protected":false},"author":1,"featured_media":0,"parent":0,"menu_order":0,"comment_status":"closed","ping_status":"closed","template":"","meta":{"footnotes":""},"class_list":["post-465","page","type-page","status-publish","hentry"],"_links":{"self":[{"href":"https:\/\/puntaportalsdance.com\/es\/wp-json\/wp\/v2\/pages\/465","targetHints":{"allow":["GET"]}}],"collection":[{"href":"https:\/\/puntaportalsdance.com\/es\/wp-json\/wp\/v2\/pages"}],"about":[{"href":"https:\/\/puntaportalsdance.com\/es\/wp-json\/wp\/v2\/types\/page"}],"author":[{"embeddable":true,"href":"https:\/\/puntaportalsdance.com\/es\/wp-json\/wp\/v2\/users\/1"}],"replies":[{"embeddable":true,"href":"https:\/\/puntaportalsdance.com\/es\/wp-json\/wp\/v2\/comments?post=465"}],"version-history":[{"count":1,"href":"https:\/\/puntaportalsdance.com\/es\/wp-json\/wp\/v2\/pages\/465\/revisions"}],"predecessor-version":[{"id":466,"href":"https:\/\/puntaportalsdance.com\/es\/wp-json\/wp\/v2\/pages\/465\/revisions\/466"}],"wp:attachment":[{"href":"https:\/\/puntaportalsdance.com\/es\/wp-json\/wp\/v2\/media?parent=465"}],"curies":[{"name":"wp","href":"https:\/\/api.w.org\/{rel}","templated":true}]}}