{"id":144,"date":"2016-03-17T12:36:48","date_gmt":"2016-03-17T11:36:48","guid":{"rendered":"http:\/\/puntaportalsdance.com\/es\/?page_id=144"},"modified":"2020-10-09T09:14:51","modified_gmt":"2020-10-09T07:14:51","slug":"equipo","status":"publish","type":"page","link":"https:\/\/puntaportalsdance.com\/es\/equipo\/","title":{"rendered":"Equipo"},"content":{"rendered":"<div class=\"wpb-content-wrapper\"><p>[vc_row][vc_column]<div class=\"fancy_heading fancy_heading_line\"><div class=\"fh-top\"><\/div><h1 class=\"title \">The Team<\/h1><\/div>\n[\/vc_column][\/vc_row][vc_row][vc_column width=&#8221;1\/3&#8243;][vc_single_image image=&#8221;42&#8243; img_size=&#8221;medium&#8221; alignment=&#8221;center&#8221; style=&#8221;vc_box_circle&#8221; css_animation=&#8221;top-to-bottom&#8221;][vc_column_text]<\/p>\n<h2 style=\"text-align: center;\"><strong>Weronika Maria Swiderska<\/strong><\/h2>\n<p>Graduada en la Escuela Nacional de Ballet de Varsovia. Empez\u00f3 su carrera profesional como bailarina en el teatro Roma de Varsovia. Posteriormente se traslad\u00f3 a Tenerife donde trabaj\u00f3 como profesora principal en el estudio de danza Kalinka, a la vez perfeccionando sus conocimientos de Flamenco y Tango Argentino.<\/p>\n<p>Como bailarina profesional ha trabajado en los escenarios de Francia, Alemania y Polonia, incluyendo producciones como \u201cCrazy for You\u201d, El Jorobado de Notredame, Flame of the Dance y Delires entre otros.<br \/>\nEn Mallorca la pudimos ver en \u201cPirates Adventure\u201d, \u201cCome Fly with Me\u201d, \u201cEs Foguer\u00f3\u201d y \u201cJazztic\u201d.<\/p>\n<p>Durante todos sus a\u00f1os de carrera sigui\u00f3 perfeccionando su t\u00e9cnica mediante diferentes workshops y cursos con profesionales del calibre de V\u00edctor Ullate, Bruno Vandelli y Andrey Glegolski, entre otros.<\/p>\n<p>Despu\u00e9s de 15 a\u00f1os sobre los escenarios y dando clases, decidi\u00f3 abrir su propia escuela donde poder ense\u00f1ar su pasi\u00f3n y amor por la Danza.[\/vc_column_text][\/vc_column][vc_column width=&#8221;1\/3&#8243;][vc_single_image image=&#8221;352&#8243; img_size=&#8221;medium&#8221; alignment=&#8221;center&#8221; style=&#8221;vc_box_circle&#8221; css_animation=&#8221;bottom-to-top&#8221;][vc_column_text]<\/p>\n<h2 style=\"text-align: center;\"><strong>Marina Alcal\u00e1 Valls<\/strong><\/h2>\n<p>Desde los cinco a\u00f1os de edad, Marina ha estado muy metida en el mundo de la danza.<\/p>\n<p>Empez\u00f3 sus estudios con la Royal Ballet de Londres especializ\u00e1ndose en danza cl\u00e1sica hasta el nivel avanzado. M\u00e1s adelante continu\u00f3 form\u00e1ndose en Madrid donde se titul\u00f3 en el Grado en Ciencias de la Danza por la Universidad Europea de Madrid y en el m\u00f3dulo de Teatro Musical en Scaena, la escuela superior de Artes Esc\u00e9nicas de Carmen Roche.<\/p>\n<p>Marina en los \u00faltimos a\u00f1os se ha dedicado a la docencia de la danza en diferentes escuelas y colegios con ni\u00f1os de diferentes edades[\/vc_column_text][\/vc_column][\/vc_row]<\/p>\n<\/div>","protected":false},"excerpt":{"rendered":"<p>[vc_row][vc_column][\/vc_column][\/vc_row][vc_row][vc_column width=&#8221;1\/3&#8243;][vc_single_image image=&#8221;42&#8243; img_size=&#8221;medium&#8221; alignment=&#8221;center&#8221; style=&#8221;vc_box_circle&#8221; css_animation=&#8221;top-to-bottom&#8221;][vc_column_text] Weronika Maria Swiderska Graduada en la Escuela Nacional de Ballet de Varsovia. Empez\u00f3 su carrera profesional como bailarina en<span class=\"excerpt-hellip\"> [\u2026]<\/span><\/p>\n","protected":false},"author":1,"featured_media":0,"parent":0,"menu_order":0,"comment_status":"closed","ping_status":"closed","template":"","meta":{"footnotes":""},"class_list":["post-144","page","type-page","status-publish","hentry"],"_links":{"self":[{"href":"https:\/\/puntaportalsdance.com\/es\/wp-json\/wp\/v2\/pages\/144","targetHints":{"allow":["GET"]}}],"collection":[{"href":"https:\/\/puntaportalsdance.com\/es\/wp-json\/wp\/v2\/pages"}],"about":[{"href":"https:\/\/puntaportalsdance.com\/es\/wp-json\/wp\/v2\/types\/page"}],"author":[{"embeddable":true,"href":"https:\/\/puntaportalsdance.com\/es\/wp-json\/wp\/v2\/users\/1"}],"replies":[{"embeddable":true,"href":"https:\/\/puntaportalsdance.com\/es\/wp-json\/wp\/v2\/comments?post=144"}],"version-history":[{"count":16,"href":"https:\/\/puntaportalsdance.com\/es\/wp-json\/wp\/v2\/pages\/144\/revisions"}],"predecessor-version":[{"id":365,"href":"https:\/\/puntaportalsdance.com\/es\/wp-json\/wp\/v2\/pages\/144\/revisions\/365"}],"wp:attachment":[{"href":"https:\/\/puntaportalsdance.com\/es\/wp-json\/wp\/v2\/media?parent=144"}],"curies":[{"name":"wp","href":"https:\/\/api.w.org\/{rel}","templated":true}]}}