{"id":121,"date":"2016-03-17T12:11:54","date_gmt":"2016-03-17T11:11:54","guid":{"rendered":"http:\/\/puntaportalsdance.com\/?page_id=121&#038;lang=es"},"modified":"2025-09-24T19:01:33","modified_gmt":"2025-09-24T17:01:33","slug":"clases","status":"publish","type":"page","link":"https:\/\/puntaportalsdance.com\/es\/clases\/","title":{"rendered":"Clases"},"content":{"rendered":"<div class=\"wpb-content-wrapper\"><p>[vc_row][vc_column]<div class=\"fancy_heading fancy_heading_line\"><div class=\"fh-top\"><\/div><h2 class=\"title\">Clases<\/h2><\/div>\n[\/vc_column][\/vc_row][vc_row][vc_column width=&#8221;1\/2&#8243;][vc_single_image image=&#8221;382&#8243; img_size=&#8221;medium&#8221; alignment=&#8221;center&#8221; style=&#8221;vc_box_shadow_border_circle&#8221;][\/vc_column][vc_column width=&#8221;1\/2&#8243;][vc_custom_heading text=&#8221;Pre-Ballet&#8221; use_theme_fonts=&#8221;yes&#8221;][vc_column_text]Estas clases ofrecen a los ni\u00f1os un ambiente estructurado donde se les permite reconocer su propia individualidad y movilidad corporal. Se enfatiza el ritmo y la coordinaci\u00f3n de forma creativa e imaginativa.[\/vc_column_text][\/vc_column][\/vc_row][vc_row][vc_column][vc_separator color=&#8221;green&#8221; style=&#8221;dashed&#8221;][\/vc_column][\/vc_row][vc_row][vc_column width=&#8221;1\/2&#8243;][vc_custom_heading text=&#8221;Ballet I&#8221; use_theme_fonts=&#8221;yes&#8221;][vc_column_text]Estas clases son la presentaci\u00f3n formal a la estructura de la clase de ballet. Se dan ejercicios avanzados de estiramientos y fortalecimiento. Se introducen los trabajos de barra con mayor \u00e9nfasis en vocabulario y terminolog\u00eda francesa. Se pone \u00e9nfasis en la m\u00fasica junto al equilibrio y coordinaci\u00f3n a trav\u00e9s del fortalecimiento de la musculaci\u00f3n central. Se introduce el trabajo sobre el suelo de baile con \u00e9nfasis continuado en la posici\u00f3n de los brazos, piernas y pies usando el vocabulario cl\u00e1sico del ballet.[\/vc_column_text][\/vc_column][vc_column width=&#8221;1\/2&#8243;][vc_single_image image=&#8221;476&#8243; img_size=&#8221;medium&#8221; alignment=&#8221;center&#8221; style=&#8221;vc_box_shadow_border_circle&#8221;][\/vc_column][\/vc_row][vc_row][vc_column][vc_separator color=&#8221;green&#8221; style=&#8221;dashed&#8221;][\/vc_column][\/vc_row][vc_row][vc_column width=&#8221;1\/2&#8243;][vc_single_image image=&#8221;386&#8243; img_size=&#8221;medium&#8221; alignment=&#8221;center&#8221; style=&#8221;vc_box_shadow_border_circle&#8221;][\/vc_column][vc_column width=&#8221;1\/2&#8243;][vc_custom_heading text=&#8221;Ballet II&#8221; use_theme_fonts=&#8221;yes&#8221;][vc_column_text]Se requiere un m\u00ednimo de 2 a 3 a\u00f1os de entreno. La profesora juzgar\u00e1 la aptitud da cada alumno para esta clase. El nivel avanzado desaf\u00eda al alumno con combinaciones m\u00e1s complejas tanto en la barra como el suelo. El estudiante trabajar\u00e1 sobre la fluidez de movimiento, equilibrio y combinaciones. Tambi\u00e9n se ofrece una introducci\u00f3n a la danza sobre puntas para aquellos alumnos que est\u00e9n preparados.[\/vc_column_text][\/vc_column][\/vc_row][vc_row][vc_column][vc_separator color=&#8221;green&#8221; style=&#8221;dashed&#8221;][\/vc_column][\/vc_row][vc_row][vc_column width=&#8221;1\/2&#8243;][vc_custom_heading text=&#8221;Ballet Intermedio&#8221; use_theme_fonts=&#8221;yes&#8221;][vc_column_text]Clase destinada a estudiantes con conocimientos medios-altos en ballet cl\u00e1sico.[\/vc_column_text][\/vc_column][vc_column width=&#8221;1\/2&#8243;][vc_single_image image=&#8221;471&#8243; img_size=&#8221;medium&#8221; alignment=&#8221;center&#8221; style=&#8221;vc_box_shadow_border_circle&#8221;][\/vc_column][\/vc_row][vc_row][vc_column][vc_separator color=&#8221;green&#8221; style=&#8221;dashed&#8221;][\/vc_column][\/vc_row][vc_row][vc_column width=&#8221;1\/2&#8243;][vc_single_image image=&#8221;330&#8243; img_size=&#8221;medium&#8221; alignment=&#8221;center&#8221; style=&#8221;vc_box_shadow_border_circle&#8221;][\/vc_column][vc_column width=&#8221;1\/2&#8243;][vc_custom_heading text=&#8221;Street Jazz 1&#8243; use_theme_fonts=&#8221;yes&#8221;][vc_column_text]Esta clase introducir\u00e1 a los estudiantes al vocabulario del Street Jazz. La clase est\u00e1 cargada de energ\u00eda y se puede ense\u00f1ar a cualquier persona con pasi\u00f3n por el movimiento, por lo tanto no se requiere de experiencia previa de danza.[\/vc_column_text][\/vc_column][\/vc_row][vc_row][vc_column width=&#8221;1\/2&#8243;][vc_custom_heading text=&#8221;Street Jazz 2&#8243; use_theme_fonts=&#8221;yes&#8221;][vc_column_text]La clase est\u00e1 dirigida a los alumnos con experiencia previa en la danza. Se perfeccionan los giros y los saltos basados en la t\u00e9cnica de danza cl\u00e1sica. Al igual\u00a0 la clase se complementa con estilos de libre expresi\u00f3n. Todo ello acompa\u00f1ado de m\u00fasica comercial.[\/vc_column_text][\/vc_column][vc_column width=&#8221;1\/2&#8243;][vc_single_image image=&#8221;72&#8243; img_size=&#8221;medium&#8221; alignment=&#8221;center&#8221; style=&#8221;vc_box_shadow_border_circle&#8221;][\/vc_column][\/vc_row][vc_row][vc_column][vc_separator color=&#8221;green&#8221; style=&#8221;dashed&#8221;][\/vc_column][\/vc_row][vc_row][vc_column width=&#8221;1\/2&#8243;][vc_single_image image=&#8221;469&#8243; img_size=&#8221;medium&#8221; alignment=&#8221;center&#8221; style=&#8221;vc_box_shadow_border_circle&#8221;][\/vc_column][vc_column width=&#8221;1\/2&#8243;][vc_custom_heading text=&#8221;Teatro Musical&#8221; use_theme_fonts=&#8221;yes&#8221;][vc_column_text]En esta clase trabajamos\u00a0 interpretaci\u00f3n, canto y baile aprendiendo fragmentos de diferentes musicales.[\/vc_column_text][\/vc_column][\/vc_row][vc_row][vc_column][vc_separator color=&#8221;green&#8221; style=&#8221;dashed&#8221;][\/vc_column][\/vc_row]<\/p>\n<\/div>","protected":false},"excerpt":{"rendered":"<p>[vc_row][vc_column][\/vc_column][\/vc_row][vc_row][vc_column width=&#8221;1\/2&#8243;][vc_single_image image=&#8221;382&#8243; img_size=&#8221;medium&#8221; alignment=&#8221;center&#8221; style=&#8221;vc_box_shadow_border_circle&#8221;][\/vc_column][vc_column width=&#8221;1\/2&#8243;][vc_custom_heading text=&#8221;Pre-Ballet&#8221; use_theme_fonts=&#8221;yes&#8221;][vc_column_text]Estas clases ofrecen a los ni\u00f1os un ambiente estructurado donde se les permite reconocer su propia individualidad y<span class=\"excerpt-hellip\"> [\u2026]<\/span><\/p>\n","protected":false},"author":1,"featured_media":0,"parent":0,"menu_order":0,"comment_status":"closed","ping_status":"closed","template":"","meta":{"footnotes":""},"class_list":["post-121","page","type-page","status-publish","hentry"],"_links":{"self":[{"href":"https:\/\/puntaportalsdance.com\/es\/wp-json\/wp\/v2\/pages\/121","targetHints":{"allow":["GET"]}}],"collection":[{"href":"https:\/\/puntaportalsdance.com\/es\/wp-json\/wp\/v2\/pages"}],"about":[{"href":"https:\/\/puntaportalsdance.com\/es\/wp-json\/wp\/v2\/types\/page"}],"author":[{"embeddable":true,"href":"https:\/\/puntaportalsdance.com\/es\/wp-json\/wp\/v2\/users\/1"}],"replies":[{"embeddable":true,"href":"https:\/\/puntaportalsdance.com\/es\/wp-json\/wp\/v2\/comments?post=121"}],"version-history":[{"count":21,"href":"https:\/\/puntaportalsdance.com\/es\/wp-json\/wp\/v2\/pages\/121\/revisions"}],"predecessor-version":[{"id":487,"href":"https:\/\/puntaportalsdance.com\/es\/wp-json\/wp\/v2\/pages\/121\/revisions\/487"}],"wp:attachment":[{"href":"https:\/\/puntaportalsdance.com\/es\/wp-json\/wp\/v2\/media?parent=121"}],"curies":[{"name":"wp","href":"https:\/\/api.w.org\/{rel}","templated":true}]}}